{"id":2119,"date":"2021-03-28T15:05:58","date_gmt":"2021-03-28T13:05:58","guid":{"rendered":"https:\/\/polski-survival.pl\/?page_id=2119"},"modified":"2024-04-08T16:37:37","modified_gmt":"2024-04-08T14:37:37","slug":"jak-ustawic-publiczny-profil-steam","status":"publish","type":"page","link":"https:\/\/polski-survival.pl\/?page_id=2119","title":{"rendered":"Jak ustawi\u0107 publiczny profil steam"},"content":{"rendered":"\t\t<div data-elementor-type=\"wp-page\" data-elementor-id=\"2119\" class=\"elementor elementor-2119\" data-elementor-settings=\"[]\">\n\t\t\t\t\t\t\t<div class=\"elementor-section-wrap\">\n\t\t\t\t\t\t\t<section class=\"elementor-section elementor-top-section elementor-element elementor-element-bdf5520 elementor-section-boxed elementor-section-height-default elementor-section-height-default\" data-id=\"bdf5520\" data-element_type=\"section\">\n\t\t\t\t\t\t<div class=\"elementor-container elementor-column-gap-default\">\n\t\t\t\t\t<div class=\"elementor-column elementor-col-100 elementor-top-column elementor-element elementor-element-ae96e82\" data-id=\"ae96e82\" data-element_type=\"column\">\n\t\t\t<div class=\"elementor-widget-wrap elementor-element-populated\">\n\t\t\t\t\t\t\t\t<div class=\"elementor-element elementor-element-82aeeb0 elementor-widget elementor-widget-spacer\" data-id=\"82aeeb0\" data-element_type=\"widget\" data-widget_type=\"spacer.default\">\n\t\t\t\t<div class=\"elementor-widget-container\">\n\t\t\t\t\t<div class=\"elementor-spacer\">\n\t\t\t<div class=\"elementor-spacer-inner\"><\/div>\n\t\t<\/div>\n\t\t\t\t<\/div>\n\t\t\t\t<\/div>\n\t\t\t\t<div class=\"elementor-element elementor-element-a3f20b8 elementor-widget elementor-widget-text-editor\" data-id=\"a3f20b8\" data-element_type=\"widget\" data-widget_type=\"text-editor.default\">\n\t\t\t\t<div class=\"elementor-widget-container\">\n\t\t\t\t\t<div class=\"elementor-text-editor elementor-clearfix\"><h4 style=\"text-align: center;\">1. W kliencie Steam kliknij na \u201ePROFIL\u201d, a nast\u0119pnie na \u201eEdytuj profil\u201d.<\/h4><\/div>\n\t\t\t\t<\/div>\n\t\t\t\t<\/div>\n\t\t\t\t<div class=\"elementor-element elementor-element-2d26410 elementor-widget elementor-widget-spacer\" data-id=\"2d26410\" data-element_type=\"widget\" data-widget_type=\"spacer.default\">\n\t\t\t\t<div class=\"elementor-widget-container\">\n\t\t\t\t\t<div class=\"elementor-spacer\">\n\t\t\t<div class=\"elementor-spacer-inner\"><\/div>\n\t\t<\/div>\n\t\t\t\t<\/div>\n\t\t\t\t<\/div>\n\t\t\t\t<div class=\"elementor-element elementor-element-e6da47e elementor-widget elementor-widget-image\" data-id=\"e6da47e\" data-element_type=\"widget\" data-widget_type=\"image.default\">\n\t\t\t\t<div class=\"elementor-widget-container\">\n\t\t\t\t\t<div class=\"elementor-image\">\n\t\t\t\t\t\t\t\t\t\t<img width=\"1024\" height=\"637\" src=\"https:\/\/polski-survival.pl\/wp-content\/uploads\/2024\/04\/profil1-1024x637.jpg\" class=\"attachment-large size-large\" alt=\"\" loading=\"lazy\" srcset=\"https:\/\/polski-survival.pl\/wp-content\/uploads\/2024\/04\/profil1-1024x637.jpg 1024w, https:\/\/polski-survival.pl\/wp-content\/uploads\/2024\/04\/profil1-300x187.jpg 300w, https:\/\/polski-survival.pl\/wp-content\/uploads\/2024\/04\/profil1-768x478.jpg 768w, https:\/\/polski-survival.pl\/wp-content\/uploads\/2024\/04\/profil1.jpg 1269w\" sizes=\"(max-width: 1024px) 100vw, 1024px\" \/>\t\t\t\t\t\t\t\t\t\t\t<\/div>\n\t\t\t\t<\/div>\n\t\t\t\t<\/div>\n\t\t\t\t\t<\/div>\n\t\t<\/div>\n\t\t\t\t\t\t\t<\/div>\n\t\t<\/section>\n\t\t\t\t<section class=\"elementor-section elementor-top-section elementor-element elementor-element-a306bc9 elementor-section-boxed elementor-section-height-default elementor-section-height-default\" data-id=\"a306bc9\" data-element_type=\"section\">\n\t\t\t\t\t\t<div class=\"elementor-container elementor-column-gap-default\">\n\t\t\t\t\t<div class=\"elementor-column elementor-col-100 elementor-top-column elementor-element elementor-element-0272ffe\" data-id=\"0272ffe\" data-element_type=\"column\">\n\t\t\t<div class=\"elementor-widget-wrap elementor-element-populated\">\n\t\t\t\t\t\t\t\t<div class=\"elementor-element elementor-element-a60d468 elementor-widget elementor-widget-spacer\" data-id=\"a60d468\" data-element_type=\"widget\" data-widget_type=\"spacer.default\">\n\t\t\t\t<div class=\"elementor-widget-container\">\n\t\t\t\t\t<div class=\"elementor-spacer\">\n\t\t\t<div class=\"elementor-spacer-inner\"><\/div>\n\t\t<\/div>\n\t\t\t\t<\/div>\n\t\t\t\t<\/div>\n\t\t\t\t<div class=\"elementor-element elementor-element-951875c elementor-widget elementor-widget-text-editor\" data-id=\"951875c\" data-element_type=\"widget\" data-widget_type=\"text-editor.default\">\n\t\t\t\t<div class=\"elementor-widget-container\">\n\t\t\t\t\t<div class=\"elementor-text-editor elementor-clearfix\"><h4 style=\"text-align: center;\">2. Z menu po lewej stronie wybierz \u201eUstawienia prywatno\u015bci\u201d.<\/h4><\/div>\n\t\t\t\t<\/div>\n\t\t\t\t<\/div>\n\t\t\t\t<div class=\"elementor-element elementor-element-242b4a2 elementor-widget elementor-widget-spacer\" data-id=\"242b4a2\" data-element_type=\"widget\" data-widget_type=\"spacer.default\">\n\t\t\t\t<div class=\"elementor-widget-container\">\n\t\t\t\t\t<div class=\"elementor-spacer\">\n\t\t\t<div class=\"elementor-spacer-inner\"><\/div>\n\t\t<\/div>\n\t\t\t\t<\/div>\n\t\t\t\t<\/div>\n\t\t\t\t<div class=\"elementor-element elementor-element-77cb27a elementor-widget elementor-widget-image\" data-id=\"77cb27a\" data-element_type=\"widget\" data-widget_type=\"image.default\">\n\t\t\t\t<div class=\"elementor-widget-container\">\n\t\t\t\t\t<div class=\"elementor-image\">\n\t\t\t\t\t\t\t\t\t\t<img width=\"1024\" height=\"641\" src=\"https:\/\/polski-survival.pl\/wp-content\/uploads\/2024\/04\/profil2-1-1024x641.jpg\" class=\"attachment-large size-large\" alt=\"\" loading=\"lazy\" srcset=\"https:\/\/polski-survival.pl\/wp-content\/uploads\/2024\/04\/profil2-1-1024x641.jpg 1024w, https:\/\/polski-survival.pl\/wp-content\/uploads\/2024\/04\/profil2-1-300x188.jpg 300w, https:\/\/polski-survival.pl\/wp-content\/uploads\/2024\/04\/profil2-1-768x481.jpg 768w, https:\/\/polski-survival.pl\/wp-content\/uploads\/2024\/04\/profil2-1.jpg 1267w\" sizes=\"(max-width: 1024px) 100vw, 1024px\" \/>\t\t\t\t\t\t\t\t\t\t\t<\/div>\n\t\t\t\t<\/div>\n\t\t\t\t<\/div>\n\t\t\t\t\t<\/div>\n\t\t<\/div>\n\t\t\t\t\t\t\t<\/div>\n\t\t<\/section>\n\t\t\t\t<section class=\"elementor-section elementor-top-section elementor-element elementor-element-9fd9d6c elementor-section-boxed elementor-section-height-default elementor-section-height-default\" data-id=\"9fd9d6c\" data-element_type=\"section\">\n\t\t\t\t\t\t<div class=\"elementor-container elementor-column-gap-default\">\n\t\t\t\t\t<div class=\"elementor-column elementor-col-100 elementor-top-column elementor-element elementor-element-90eb033\" data-id=\"90eb033\" data-element_type=\"column\">\n\t\t\t<div class=\"elementor-widget-wrap elementor-element-populated\">\n\t\t\t\t\t\t\t\t<div class=\"elementor-element elementor-element-b9b9559 elementor-widget elementor-widget-spacer\" data-id=\"b9b9559\" data-element_type=\"widget\" data-widget_type=\"spacer.default\">\n\t\t\t\t<div class=\"elementor-widget-container\">\n\t\t\t\t\t<div class=\"elementor-spacer\">\n\t\t\t<div class=\"elementor-spacer-inner\"><\/div>\n\t\t<\/div>\n\t\t\t\t<\/div>\n\t\t\t\t<\/div>\n\t\t\t\t<div class=\"elementor-element elementor-element-d1b1af8 elementor-widget elementor-widget-text-editor\" data-id=\"d1b1af8\" data-element_type=\"widget\" data-widget_type=\"text-editor.default\">\n\t\t\t\t<div class=\"elementor-widget-container\">\n\t\t\t\t\t<div class=\"elementor-text-editor elementor-clearfix\"><h4 style=\"text-align: center;\">3. Nast\u0119pnie ustaw wszystko na \u201ePubliczna\u201d.<\/h4><\/div>\n\t\t\t\t<\/div>\n\t\t\t\t<\/div>\n\t\t\t\t<div class=\"elementor-element elementor-element-be09190 elementor-widget elementor-widget-spacer\" data-id=\"be09190\" data-element_type=\"widget\" data-widget_type=\"spacer.default\">\n\t\t\t\t<div class=\"elementor-widget-container\">\n\t\t\t\t\t<div class=\"elementor-spacer\">\n\t\t\t<div class=\"elementor-spacer-inner\"><\/div>\n\t\t<\/div>\n\t\t\t\t<\/div>\n\t\t\t\t<\/div>\n\t\t\t\t<div class=\"elementor-element elementor-element-772b98f elementor-widget elementor-widget-image\" data-id=\"772b98f\" data-element_type=\"widget\" data-widget_type=\"image.default\">\n\t\t\t\t<div class=\"elementor-widget-container\">\n\t\t\t\t\t<div class=\"elementor-image\">\n\t\t\t\t\t\t\t\t\t\t<img width=\"1024\" height=\"639\" src=\"https:\/\/polski-survival.pl\/wp-content\/uploads\/2024\/04\/profil2-1024x639.jpg\" class=\"attachment-large size-large\" alt=\"\" loading=\"lazy\" srcset=\"https:\/\/polski-survival.pl\/wp-content\/uploads\/2024\/04\/profil2-1024x639.jpg 1024w, https:\/\/polski-survival.pl\/wp-content\/uploads\/2024\/04\/profil2-300x187.jpg 300w, https:\/\/polski-survival.pl\/wp-content\/uploads\/2024\/04\/profil2-768x480.jpg 768w, https:\/\/polski-survival.pl\/wp-content\/uploads\/2024\/04\/profil2.jpg 1273w\" sizes=\"(max-width: 1024px) 100vw, 1024px\" \/>\t\t\t\t\t\t\t\t\t\t\t<\/div>\n\t\t\t\t<\/div>\n\t\t\t\t<\/div>\n\t\t\t\t\t<\/div>\n\t\t<\/div>\n\t\t\t\t\t\t\t<\/div>\n\t\t<\/section>\n\t\t\t\t<section class=\"elementor-section elementor-top-section elementor-element elementor-element-b955c96 elementor-section-boxed elementor-section-height-default elementor-section-height-default\" data-id=\"b955c96\" data-element_type=\"section\">\n\t\t\t\t\t\t<div class=\"elementor-container elementor-column-gap-default\">\n\t\t\t\t\t<div class=\"elementor-column elementor-col-100 elementor-top-column elementor-element elementor-element-491e868\" data-id=\"491e868\" data-element_type=\"column\">\n\t\t\t<div class=\"elementor-widget-wrap elementor-element-populated\">\n\t\t\t\t\t\t\t\t<div class=\"elementor-element elementor-element-10b0c1c elementor-widget elementor-widget-text-editor\" data-id=\"10b0c1c\" data-element_type=\"widget\" data-widget_type=\"text-editor.default\">\n\t\t\t\t<div class=\"elementor-widget-container\">\n\t\t\t\t\t<div class=\"elementor-text-editor elementor-clearfix\"><p style=\"text-align: center;\">Odczekaj chwil\u0119, a nast\u0119pnie spr\u00f3buj ponownie do\u0142\u0105czy\u0107 na serwer.<\/p><\/div>\n\t\t\t\t<\/div>\n\t\t\t\t<\/div>\n\t\t\t\t\t<\/div>\n\t\t<\/div>\n\t\t\t\t\t\t\t<\/div>\n\t\t<\/section>\n\t\t\t\t\t\t<\/div>\n\t\t\t\t\t<\/div>\n\t\t","protected":false},"excerpt":{"rendered":"<p>1. W kliencie Steam kliknij na \u201ePROFIL\u201d, a nast\u0119pnie na \u201eEdytuj profil\u201d. 2. Z menu po lewej stronie wybierz \u201eUstawienia prywatno\u015bci\u201d. 3. Nast\u0119pnie ustaw wszystko na \u201ePubliczna\u201d. Odczekaj chwil\u0119, a nast\u0119pnie spr\u00f3buj ponownie do\u0142\u0105czy\u0107 na serwer.<\/p>\n","protected":false},"author":1,"featured_media":0,"parent":0,"menu_order":0,"comment_status":"closed","ping_status":"closed","template":"","meta":[],"_links":{"self":[{"href":"https:\/\/polski-survival.pl\/index.php?rest_route=\/wp\/v2\/pages\/2119"}],"collection":[{"href":"https:\/\/polski-survival.pl\/index.php?rest_route=\/wp\/v2\/pages"}],"about":[{"href":"https:\/\/polski-survival.pl\/index.php?rest_route=\/wp\/v2\/types\/page"}],"author":[{"embeddable":true,"href":"https:\/\/polski-survival.pl\/index.php?rest_route=\/wp\/v2\/users\/1"}],"replies":[{"embeddable":true,"href":"https:\/\/polski-survival.pl\/index.php?rest_route=%2Fwp%2Fv2%2Fcomments&post=2119"}],"version-history":[{"count":39,"href":"https:\/\/polski-survival.pl\/index.php?rest_route=\/wp\/v2\/pages\/2119\/revisions"}],"predecessor-version":[{"id":13230,"href":"https:\/\/polski-survival.pl\/index.php?rest_route=\/wp\/v2\/pages\/2119\/revisions\/13230"}],"wp:attachment":[{"href":"https:\/\/polski-survival.pl\/index.php?rest_route=%2Fwp%2Fv2%2Fmedia&parent=2119"}],"curies":[{"name":"wp","href":"https:\/\/api.w.org\/{rel}","templated":true}]}}