{"id":2121,"date":"2021-03-28T15:06:22","date_gmt":"2021-03-28T15:06:22","guid":{"rendered":"https:\/\/polski-survival.pl\/?page_id=2121"},"modified":"2021-07-13T11:19:39","modified_gmt":"2021-07-13T11:19:39","slug":"jak-ustawic-raid-alert","status":"publish","type":"page","link":"https:\/\/polski-survival.pl\/?page_id=2121","title":{"rendered":"Jak ustawi\u0107 raid alert"},"content":{"rendered":"\t\t<div data-elementor-type=\"wp-page\" data-elementor-id=\"2121\" class=\"elementor elementor-2121\" data-elementor-settings=\"[]\">\n\t\t\t\t\t\t\t<div class=\"elementor-section-wrap\">\n\t\t\t\t\t\t\t<section class=\"elementor-section elementor-top-section elementor-element elementor-element-d7a56d5 elementor-section-boxed elementor-section-height-default elementor-section-height-default\" data-id=\"d7a56d5\" data-element_type=\"section\">\n\t\t\t\t\t\t<div class=\"elementor-container elementor-column-gap-default\">\n\t\t\t\t\t<div class=\"elementor-column elementor-col-100 elementor-top-column elementor-element elementor-element-ff079e8\" data-id=\"ff079e8\" data-element_type=\"column\">\n\t\t\t<div class=\"elementor-widget-wrap elementor-element-populated\">\n\t\t\t\t\t\t\t\t<div class=\"elementor-element elementor-element-0e17524 elementor-widget elementor-widget-text-editor\" data-id=\"0e17524\" data-element_type=\"widget\" data-widget_type=\"text-editor.default\">\n\t\t\t\t<div class=\"elementor-widget-container\">\n\t\t\t\t\t<div class=\"elementor-text-editor elementor-clearfix\"><p style=\"font-size: 35px;\"><strong>Raid Alert<\/strong><\/p>\n<p style=\"font-size: 20px; margin-top: 5px;\"><strong>Automatyczne prywatne wiadomo\u015bci na discord w przypadku raidu na twoj\u0105 baz\u0119.<\/strong><\/p><\/div>\n\t\t\t\t<\/div>\n\t\t\t\t<\/div>\n\t\t\t\t\t<\/div>\n\t\t<\/div>\n\t\t\t\t\t\t\t<\/div>\n\t\t<\/section>\n\t\t\t\t<section class=\"elementor-section elementor-top-section elementor-element elementor-element-a495763 elementor-section-full_width elementor-section-height-default elementor-section-height-default\" data-id=\"a495763\" data-element_type=\"section\">\n\t\t\t\t\t\t<div class=\"elementor-container elementor-column-gap-default\">\n\t\t\t\t\t<div class=\"elementor-column elementor-col-100 elementor-top-column elementor-element elementor-element-97f180a\" data-id=\"97f180a\" data-element_type=\"column\">\n\t\t\t<div class=\"elementor-widget-wrap elementor-element-populated\">\n\t\t\t\t\t\t\t\t<section class=\"elementor-section elementor-inner-section elementor-element elementor-element-1dfb905 elementor-section-boxed elementor-section-height-default elementor-section-height-default\" data-id=\"1dfb905\" data-element_type=\"section\">\n\t\t\t\t\t\t<div class=\"elementor-container elementor-column-gap-default\">\n\t\t\t\t\t<div class=\"elementor-column elementor-col-50 elementor-inner-column elementor-element elementor-element-cd888c8\" data-id=\"cd888c8\" data-element_type=\"column\">\n\t\t\t<div class=\"elementor-widget-wrap elementor-element-populated\">\n\t\t\t\t\t\t\t\t<div class=\"elementor-element elementor-element-6440a99 elementor-widget elementor-widget-text-editor\" data-id=\"6440a99\" data-element_type=\"widget\" data-widget_type=\"text-editor.default\">\n\t\t\t\t<div class=\"elementor-widget-container\">\n\t\t\t\t\t<div class=\"elementor-text-editor elementor-clearfix\"><p style=\"font-size: 25px;\">1. Otw\u00f3rz aplikacj\u0119 Discord i przejd\u017a do ustawie\u0144.<\/p><\/div>\n\t\t\t\t<\/div>\n\t\t\t\t<\/div>\n\t\t\t\t\t<\/div>\n\t\t<\/div>\n\t\t\t\t<div class=\"elementor-column elementor-col-50 elementor-inner-column elementor-element elementor-element-7af9f55\" data-id=\"7af9f55\" data-element_type=\"column\">\n\t\t\t<div class=\"elementor-widget-wrap elementor-element-populated\">\n\t\t\t\t\t\t\t\t<div class=\"elementor-element elementor-element-22f89b2 elementor-widget elementor-widget-image\" data-id=\"22f89b2\" data-element_type=\"widget\" data-widget_type=\"image.default\">\n\t\t\t\t<div class=\"elementor-widget-container\">\n\t\t\t\t\t<div class=\"elementor-image\">\n\t\t\t\t\t\t\t\t\t\t<img width=\"1009\" height=\"706\" src=\"https:\/\/polski-survival.pl\/wp-content\/uploads\/2021\/03\/steam-login-1.png\" class=\"attachment-large size-large\" alt=\"\" loading=\"lazy\" srcset=\"https:\/\/polski-survival.pl\/wp-content\/uploads\/2021\/03\/steam-login-1.png 1009w, https:\/\/polski-survival.pl\/wp-content\/uploads\/2021\/03\/steam-login-1-300x210.png 300w, https:\/\/polski-survival.pl\/wp-content\/uploads\/2021\/03\/steam-login-1-768x537.png 768w\" sizes=\"(max-width: 1009px) 100vw, 1009px\" \/>\t\t\t\t\t\t\t\t\t\t\t<\/div>\n\t\t\t\t<\/div>\n\t\t\t\t<\/div>\n\t\t\t\t\t<\/div>\n\t\t<\/div>\n\t\t\t\t\t\t\t<\/div>\n\t\t<\/section>\n\t\t\t\t\t<\/div>\n\t\t<\/div>\n\t\t\t\t\t\t\t<\/div>\n\t\t<\/section>\n\t\t\t\t<section class=\"elementor-section elementor-top-section elementor-element elementor-element-6e09c71 elementor-section-boxed elementor-section-height-default elementor-section-height-default\" data-id=\"6e09c71\" data-element_type=\"section\">\n\t\t\t\t\t\t<div class=\"elementor-container elementor-column-gap-default\">\n\t\t\t\t\t<div class=\"elementor-column elementor-col-100 elementor-top-column elementor-element elementor-element-e35f822\" data-id=\"e35f822\" data-element_type=\"column\">\n\t\t\t<div class=\"elementor-widget-wrap elementor-element-populated\">\n\t\t\t\t\t\t\t\t<section class=\"elementor-section elementor-inner-section elementor-element elementor-element-917b163 elementor-section-boxed elementor-section-height-default elementor-section-height-default\" data-id=\"917b163\" data-element_type=\"section\">\n\t\t\t\t\t\t<div class=\"elementor-container elementor-column-gap-default\">\n\t\t\t\t\t<div class=\"elementor-column elementor-col-50 elementor-inner-column elementor-element elementor-element-fe6b1c8\" data-id=\"fe6b1c8\" data-element_type=\"column\">\n\t\t\t<div class=\"elementor-widget-wrap elementor-element-populated\">\n\t\t\t\t\t\t\t\t<div class=\"elementor-element elementor-element-f292e24 elementor-widget elementor-widget-text-editor\" data-id=\"f292e24\" data-element_type=\"widget\" data-widget_type=\"text-editor.default\">\n\t\t\t\t<div class=\"elementor-widget-container\">\n\t\t\t\t\t<div class=\"elementor-text-editor elementor-clearfix\"><p style=\"font-size: 25px;\">2. Po klikni\u0119ciu czarnej ikony Steam otworzy si\u0119 strona logowania, na kt\u00f3rej nale\u017cy si\u0119 zalogowa\u0107.<\/p><\/div>\n\t\t\t\t<\/div>\n\t\t\t\t<\/div>\n\t\t\t\t\t<\/div>\n\t\t<\/div>\n\t\t\t\t<div class=\"elementor-column elementor-col-50 elementor-inner-column elementor-element elementor-element-2dfefeb\" data-id=\"2dfefeb\" data-element_type=\"column\">\n\t\t\t<div class=\"elementor-widget-wrap elementor-element-populated\">\n\t\t\t\t\t\t\t\t<div class=\"elementor-element elementor-element-792486e elementor-widget elementor-widget-image\" data-id=\"792486e\" data-element_type=\"widget\" data-widget_type=\"image.default\">\n\t\t\t\t<div class=\"elementor-widget-container\">\n\t\t\t\t\t<div class=\"elementor-image\">\n\t\t\t\t\t\t\t\t\t\t<img width=\"954\" height=\"445\" src=\"https:\/\/polski-survival.pl\/wp-content\/uploads\/2021\/03\/steam-login-2.png\" class=\"attachment-large size-large\" alt=\"\" loading=\"lazy\" srcset=\"https:\/\/polski-survival.pl\/wp-content\/uploads\/2021\/03\/steam-login-2.png 954w, https:\/\/polski-survival.pl\/wp-content\/uploads\/2021\/03\/steam-login-2-300x140.png 300w, https:\/\/polski-survival.pl\/wp-content\/uploads\/2021\/03\/steam-login-2-768x358.png 768w\" sizes=\"(max-width: 954px) 100vw, 954px\" \/>\t\t\t\t\t\t\t\t\t\t\t<\/div>\n\t\t\t\t<\/div>\n\t\t\t\t<\/div>\n\t\t\t\t\t<\/div>\n\t\t<\/div>\n\t\t\t\t\t\t\t<\/div>\n\t\t<\/section>\n\t\t\t\t\t<\/div>\n\t\t<\/div>\n\t\t\t\t\t\t\t<\/div>\n\t\t<\/section>\n\t\t\t\t<section class=\"elementor-section elementor-top-section elementor-element elementor-element-6d28157 elementor-section-boxed elementor-section-height-default elementor-section-height-default\" data-id=\"6d28157\" data-element_type=\"section\">\n\t\t\t\t\t\t<div class=\"elementor-container elementor-column-gap-default\">\n\t\t\t\t\t<div class=\"elementor-column elementor-col-100 elementor-top-column elementor-element elementor-element-7038a80\" data-id=\"7038a80\" data-element_type=\"column\">\n\t\t\t<div class=\"elementor-widget-wrap elementor-element-populated\">\n\t\t\t\t\t\t\t\t<section class=\"elementor-section elementor-inner-section elementor-element elementor-element-1d609c0 elementor-section-boxed elementor-section-height-default elementor-section-height-default\" data-id=\"1d609c0\" data-element_type=\"section\">\n\t\t\t\t\t\t<div class=\"elementor-container elementor-column-gap-default\">\n\t\t\t\t\t<div class=\"elementor-column elementor-col-50 elementor-inner-column elementor-element elementor-element-6e15ac0\" data-id=\"6e15ac0\" data-element_type=\"column\">\n\t\t\t<div class=\"elementor-widget-wrap elementor-element-populated\">\n\t\t\t\t\t\t\t\t<div class=\"elementor-element elementor-element-e9b3d95 elementor-widget elementor-widget-text-editor\" data-id=\"e9b3d95\" data-element_type=\"widget\" data-widget_type=\"text-editor.default\">\n\t\t\t\t<div class=\"elementor-widget-container\">\n\t\t\t\t\t<div class=\"elementor-text-editor elementor-clearfix\"><p style=\"font-size: 25px;\">3. Wejd\u017a na jeden z naszych serwer\u00f3w Unturned i wpisz na czacie <strong>\/link<\/strong><\/p>\n<p><br><br><\/p>\n<p style=\"font-size: 20px;\">Otworzy si\u0119 okno logowania Discord, w kt\u00f3rym nale\u017cy si\u0119 zalogowa\u0107.<\/p><\/div>\n\t\t\t\t<\/div>\n\t\t\t\t<\/div>\n\t\t\t\t\t<\/div>\n\t\t<\/div>\n\t\t\t\t<div class=\"elementor-column elementor-col-50 elementor-inner-column elementor-element elementor-element-2efc14b\" data-id=\"2efc14b\" data-element_type=\"column\">\n\t\t\t<div class=\"elementor-widget-wrap elementor-element-populated\">\n\t\t\t\t\t\t\t\t<div class=\"elementor-element elementor-element-add7d4d elementor-widget elementor-widget-image\" data-id=\"add7d4d\" data-element_type=\"widget\" data-widget_type=\"image.default\">\n\t\t\t\t<div class=\"elementor-widget-container\">\n\t\t\t\t\t<div class=\"elementor-image\">\n\t\t\t\t\t\t\t\t\t\t<img width=\"951\" height=\"560\" src=\"https:\/\/polski-survival.pl\/wp-content\/uploads\/2021\/03\/discord-login-2.png\" class=\"attachment-large size-large\" alt=\"\" loading=\"lazy\" srcset=\"https:\/\/polski-survival.pl\/wp-content\/uploads\/2021\/03\/discord-login-2.png 951w, https:\/\/polski-survival.pl\/wp-content\/uploads\/2021\/03\/discord-login-2-300x177.png 300w, https:\/\/polski-survival.pl\/wp-content\/uploads\/2021\/03\/discord-login-2-768x452.png 768w\" sizes=\"(max-width: 951px) 100vw, 951px\" \/>\t\t\t\t\t\t\t\t\t\t\t<\/div>\n\t\t\t\t<\/div>\n\t\t\t\t<\/div>\n\t\t\t\t\t<\/div>\n\t\t<\/div>\n\t\t\t\t\t\t\t<\/div>\n\t\t<\/section>\n\t\t\t\t\t<\/div>\n\t\t<\/div>\n\t\t\t\t\t\t\t<\/div>\n\t\t<\/section>\n\t\t\t\t<section class=\"elementor-section elementor-top-section elementor-element elementor-element-d0c13a5 elementor-section-boxed elementor-section-height-default elementor-section-height-default\" data-id=\"d0c13a5\" data-element_type=\"section\">\n\t\t\t\t\t\t<div class=\"elementor-container elementor-column-gap-default\">\n\t\t\t\t\t<div class=\"elementor-column elementor-col-100 elementor-top-column elementor-element elementor-element-e2b9e93\" data-id=\"e2b9e93\" data-element_type=\"column\">\n\t\t\t<div class=\"elementor-widget-wrap elementor-element-populated\">\n\t\t\t\t\t\t\t\t<section class=\"elementor-section elementor-inner-section elementor-element elementor-element-f431738 elementor-section-boxed elementor-section-height-default elementor-section-height-default\" data-id=\"f431738\" data-element_type=\"section\">\n\t\t\t\t\t\t<div class=\"elementor-container elementor-column-gap-default\">\n\t\t\t\t\t<div class=\"elementor-column elementor-col-50 elementor-inner-column elementor-element elementor-element-0a7d7e3\" data-id=\"0a7d7e3\" data-element_type=\"column\">\n\t\t\t<div class=\"elementor-widget-wrap elementor-element-populated\">\n\t\t\t\t\t\t\t\t<div class=\"elementor-element elementor-element-3aaf7ca elementor-widget elementor-widget-text-editor\" data-id=\"3aaf7ca\" data-element_type=\"widget\" data-widget_type=\"text-editor.default\">\n\t\t\t\t<div class=\"elementor-widget-container\">\n\t\t\t\t\t<div class=\"elementor-text-editor elementor-clearfix\"><p style=\"font-size: 25px;\">4. Po zalogowaniu kliknij przycisk Autoryzuj.<\/p><\/div>\n\t\t\t\t<\/div>\n\t\t\t\t<\/div>\n\t\t\t\t\t<\/div>\n\t\t<\/div>\n\t\t\t\t<div class=\"elementor-column elementor-col-50 elementor-inner-column elementor-element elementor-element-65bcaf3\" data-id=\"65bcaf3\" data-element_type=\"column\">\n\t\t\t<div class=\"elementor-widget-wrap elementor-element-populated\">\n\t\t\t\t\t\t\t\t<div class=\"elementor-element elementor-element-281b12e elementor-widget elementor-widget-image\" data-id=\"281b12e\" data-element_type=\"widget\" data-widget_type=\"image.default\">\n\t\t\t\t<div class=\"elementor-widget-container\">\n\t\t\t\t\t<div class=\"elementor-image\">\n\t\t\t\t\t\t\t\t\t\t<img width=\"404\" height=\"738\" src=\"https:\/\/polski-survival.pl\/wp-content\/uploads\/2021\/03\/discord-login-1.png\" class=\"attachment-large size-large\" alt=\"\" loading=\"lazy\" srcset=\"https:\/\/polski-survival.pl\/wp-content\/uploads\/2021\/03\/discord-login-1.png 404w, https:\/\/polski-survival.pl\/wp-content\/uploads\/2021\/03\/discord-login-1-164x300.png 164w\" sizes=\"(max-width: 404px) 100vw, 404px\" \/>\t\t\t\t\t\t\t\t\t\t\t<\/div>\n\t\t\t\t<\/div>\n\t\t\t\t<\/div>\n\t\t\t\t\t<\/div>\n\t\t<\/div>\n\t\t\t\t\t\t\t<\/div>\n\t\t<\/section>\n\t\t\t\t\t<\/div>\n\t\t<\/div>\n\t\t\t\t\t\t\t<\/div>\n\t\t<\/section>\n\t\t\t\t<section class=\"elementor-section elementor-top-section elementor-element elementor-element-03b9ab1 elementor-section-boxed elementor-section-height-default elementor-section-height-default\" data-id=\"03b9ab1\" data-element_type=\"section\">\n\t\t\t\t\t\t<div class=\"elementor-container elementor-column-gap-default\">\n\t\t\t\t\t<div class=\"elementor-column elementor-col-100 elementor-top-column elementor-element elementor-element-612d689\" data-id=\"612d689\" data-element_type=\"column\">\n\t\t\t<div class=\"elementor-widget-wrap elementor-element-populated\">\n\t\t\t\t\t\t\t\t<section class=\"elementor-section elementor-inner-section elementor-element elementor-element-5825407 elementor-section-boxed elementor-section-height-default elementor-section-height-default\" data-id=\"5825407\" data-element_type=\"section\">\n\t\t\t\t\t\t<div class=\"elementor-container elementor-column-gap-default\">\n\t\t\t\t\t<div class=\"elementor-column elementor-col-50 elementor-inner-column elementor-element elementor-element-7b18d68\" data-id=\"7b18d68\" data-element_type=\"column\">\n\t\t\t<div class=\"elementor-widget-wrap elementor-element-populated\">\n\t\t\t\t\t\t\t\t<div class=\"elementor-element elementor-element-5f001ac elementor-widget elementor-widget-text-editor\" data-id=\"5f001ac\" data-element_type=\"widget\" data-widget_type=\"text-editor.default\">\n\t\t\t\t<div class=\"elementor-widget-container\">\n\t\t\t\t\t<div class=\"elementor-text-editor elementor-clearfix\"><p style=\"font-size: 25px;\">5. Upewnij si\u0119, \u017ce masz w\u0142\u0105czone prywatne wiadomo\u015bci od cz\u0142onk\u00f3w serwera Polski-Survival.pl<\/p><\/div>\n\t\t\t\t<\/div>\n\t\t\t\t<\/div>\n\t\t\t\t\t<\/div>\n\t\t<\/div>\n\t\t\t\t<div class=\"elementor-column elementor-col-50 elementor-inner-column elementor-element elementor-element-f4c651a\" data-id=\"f4c651a\" data-element_type=\"column\">\n\t\t\t<div class=\"elementor-widget-wrap elementor-element-populated\">\n\t\t\t\t\t\t\t\t<div class=\"elementor-element elementor-element-cbbb408 elementor-widget elementor-widget-image\" data-id=\"cbbb408\" data-element_type=\"widget\" data-widget_type=\"image.default\">\n\t\t\t\t<div class=\"elementor-widget-container\">\n\t\t\t\t\t<div class=\"elementor-image\">\n\t\t\t\t\t\t\t\t\t\t<img width=\"799\" height=\"453\" src=\"https:\/\/polski-survival.pl\/wp-content\/uploads\/2021\/03\/discord-login-3.png\" class=\"attachment-large size-large\" alt=\"\" loading=\"lazy\" srcset=\"https:\/\/polski-survival.pl\/wp-content\/uploads\/2021\/03\/discord-login-3.png 799w, https:\/\/polski-survival.pl\/wp-content\/uploads\/2021\/03\/discord-login-3-300x170.png 300w, https:\/\/polski-survival.pl\/wp-content\/uploads\/2021\/03\/discord-login-3-768x435.png 768w\" sizes=\"(max-width: 799px) 100vw, 799px\" \/>\t\t\t\t\t\t\t\t\t\t\t<\/div>\n\t\t\t\t<\/div>\n\t\t\t\t<\/div>\n\t\t\t\t\t<\/div>\n\t\t<\/div>\n\t\t\t\t\t\t\t<\/div>\n\t\t<\/section>\n\t\t\t\t\t<\/div>\n\t\t<\/div>\n\t\t\t\t\t\t\t<\/div>\n\t\t<\/section>\n\t\t\t\t<section class=\"elementor-section elementor-top-section elementor-element elementor-element-f320b69 elementor-section-boxed elementor-section-height-default elementor-section-height-default\" data-id=\"f320b69\" data-element_type=\"section\">\n\t\t\t\t\t\t<div class=\"elementor-container elementor-column-gap-default\">\n\t\t\t\t\t<div class=\"elementor-column elementor-col-100 elementor-top-column elementor-element elementor-element-27631aa\" data-id=\"27631aa\" data-element_type=\"column\">\n\t\t\t<div class=\"elementor-widget-wrap elementor-element-populated\">\n\t\t\t\t\t\t\t\t<div class=\"elementor-element elementor-element-7052614 elementor-widget elementor-widget-text-editor\" data-id=\"7052614\" data-element_type=\"widget\" data-widget_type=\"text-editor.default\">\n\t\t\t\t<div class=\"elementor-widget-container\">\n\t\t\t\t\t<div class=\"elementor-text-editor elementor-clearfix\"><p style=\"font-size: 25px;\">Od tej pory za ka\u017cdym razem, gdy kto\u015b zniszczy twoj\u0105 struktur\u0119 lub barykad\u0119 Ty otrzymasz powiadomienie w prywatnej wiadomo\u015bci na discordzie!<\/p>\n<br\/><br\/>\n<p style=\"font-size: 18px;\">Pami\u0119taj, \u017ce powiadomienia przychodz\u0105 tylko, gdy posiadasz aktywne konto premium na naszych serwerach.\n<br\/>\nAby zakupi\u0107 konto premium <a href=\"https:\/\/polski-survival.pl\/sklep\/index.php?p=premium\" target=\"_blank\" rel=\"noopener\">kliknij tutaj<\/a>.<\/p><\/div>\n\t\t\t\t<\/div>\n\t\t\t\t<\/div>\n\t\t\t\t\t<\/div>\n\t\t<\/div>\n\t\t\t\t\t\t\t<\/div>\n\t\t<\/section>\n\t\t\t\t\t\t<\/div>\n\t\t\t\t\t<\/div>\n\t\t","protected":false},"excerpt":{"rendered":"<p>Raid Alert Automatyczne prywatne wiadomo\u015bci na discord w przypadku raidu na twoj\u0105 baz\u0119. 1. Otw\u00f3rz aplikacj\u0119 Discord i przejd\u017a do ustawie\u0144. 2. Po klikni\u0119ciu czarnej ikony Steam otworzy si\u0119 strona logowania, na kt\u00f3rej nale\u017cy si\u0119 zalogowa\u0107. 3. Wejd\u017a na jeden z naszych serwer\u00f3w Unturned i wpisz na czacie \/link Otworzy si\u0119 okno logowania Discord, w&#8230;<\/p>\n","protected":false},"author":1,"featured_media":0,"parent":0,"menu_order":0,"comment_status":"closed","ping_status":"closed","template":"","meta":[],"_links":{"self":[{"href":"https:\/\/polski-survival.pl\/index.php?rest_route=\/wp\/v2\/pages\/2121"}],"collection":[{"href":"https:\/\/polski-survival.pl\/index.php?rest_route=\/wp\/v2\/pages"}],"about":[{"href":"https:\/\/polski-survival.pl\/index.php?rest_route=\/wp\/v2\/types\/page"}],"author":[{"embeddable":true,"href":"https:\/\/polski-survival.pl\/index.php?rest_route=\/wp\/v2\/users\/1"}],"replies":[{"embeddable":true,"href":"https:\/\/polski-survival.pl\/index.php?rest_route=%2Fwp%2Fv2%2Fcomments&post=2121"}],"version-history":[{"count":106,"href":"https:\/\/polski-survival.pl\/index.php?rest_route=\/wp\/v2\/pages\/2121\/revisions"}],"predecessor-version":[{"id":4297,"href":"https:\/\/polski-survival.pl\/index.php?rest_route=\/wp\/v2\/pages\/2121\/revisions\/4297"}],"wp:attachment":[{"href":"https:\/\/polski-survival.pl\/index.php?rest_route=%2Fwp%2Fv2%2Fmedia&parent=2121"}],"curies":[{"name":"wp","href":"https:\/\/api.w.org\/{rel}","templated":true}]}}