{"id":3159,"date":"2021-04-30T05:11:38","date_gmt":"2021-04-30T05:11:38","guid":{"rendered":"https:\/\/polski-survival.pl\/?page_id=3159"},"modified":"2023-11-16T03:51:54","modified_gmt":"2023-11-16T02:51:54","slug":"hp-budowli-new","status":"publish","type":"page","link":"https:\/\/polski-survival.pl\/?page_id=3159","title":{"rendered":"HP budowli"},"content":{"rendered":"\t\t<div data-elementor-type=\"wp-page\" data-elementor-id=\"3159\" class=\"elementor elementor-3159\" data-elementor-settings=\"[]\">\n\t\t\t\t\t\t\t<div class=\"elementor-section-wrap\">\n\t\t\t\t\t\t\t<section class=\"elementor-section elementor-top-section elementor-element elementor-element-351123b elementor-section-boxed elementor-section-height-default elementor-section-height-default\" data-id=\"351123b\" data-element_type=\"section\">\n\t\t\t\t\t\t<div class=\"elementor-container elementor-column-gap-default\">\n\t\t\t\t\t<div class=\"elementor-column elementor-col-100 elementor-top-column elementor-element elementor-element-f903a4f\" data-id=\"f903a4f\" data-element_type=\"column\">\n\t\t\t<div class=\"elementor-widget-wrap elementor-element-populated\">\n\t\t\t\t\t\t\t\t<div class=\"elementor-element elementor-element-cbd3ba0 elementor-widget elementor-widget-text-editor\" data-id=\"cbd3ba0\" data-element_type=\"widget\" data-widget_type=\"text-editor.default\">\n\t\t\t\t<div class=\"elementor-widget-container\">\n\t\t\t\t\t<div class=\"elementor-text-editor elementor-clearfix\"><p>\u00a0<\/p><p><strong>PODSTAWOWE INFORMACJE:<\/strong><\/p><\/div>\n\t\t\t\t<\/div>\n\t\t\t\t<\/div>\n\t\t\t\t<div class=\"elementor-element elementor-element-19152a5 elementor-widget elementor-widget-text-editor\" data-id=\"19152a5\" data-element_type=\"widget\" data-widget_type=\"text-editor.default\">\n\t\t\t\t<div class=\"elementor-widget-container\">\n\t\t\t\t\t<div class=\"elementor-text-editor elementor-clearfix\"><ul>\n \t<li>Wszystkie drzwi i okna mo\u017ce otwiera\u0107 tylko w\u0142a\u015bciciel oraz osoby z grupy, na kt\u00f3rej zosta\u0142 zbudowany obiekt.<\/li>\n \t<li>Patrz\u0105c na obiekt mo\u017cesz u\u017cy\u0107 komendy \/hp, aby sprawdzi\u0107 ilo\u015b\u0107 \u017cycia danego obiektu.<\/li>\n \t<li>Aby unikn\u0105\u0107 b\u0142\u0119d\u00f3w ze skakaniem pomi\u0119dzy grupami i znikaj\u0105cymi bazami, bazy nale\u017cy budowa\u0107 na grupach Steam (<a href=\"https:\/\/steamcommunity.com\/actions\/GroupCreate\" target=\"_blank\" rel=\"noopener\">https:\/\/steamcommunity.com\/actions\/GroupCreate<\/a>).<\/li>\n<\/ul><\/div>\n\t\t\t\t<\/div>\n\t\t\t\t<\/div>\n\t\t\t\t<div class=\"elementor-element elementor-element-ae70715 elementor-widget elementor-widget-text-editor\" data-id=\"ae70715\" data-element_type=\"widget\" data-widget_type=\"text-editor.default\">\n\t\t\t\t<div class=\"elementor-widget-container\">\n\t\t\t\t\t<div class=\"elementor-text-editor elementor-clearfix\"><\/br><strong>JE\u015aLI TWOJA BAZA ZNIKN\u0118\u0141A TO MO\u017bE BY\u0106 JEDEN Z POWOD\u00d3W:<\/strong><\/div>\n\t\t\t\t<\/div>\n\t\t\t\t<\/div>\n\t\t\t\t<div class=\"elementor-element elementor-element-4f716dd elementor-widget elementor-widget-text-editor\" data-id=\"4f716dd\" data-element_type=\"widget\" data-widget_type=\"text-editor.default\">\n\t\t\t\t<div class=\"elementor-widget-container\">\n\t\t\t\t\t<div class=\"elementor-text-editor elementor-clearfix\"><ul>\n \t<li>Wybudowa\u0142e\u015b baz\u0119 na grupie, a p\u00f3\u017aniej j\u0105 opu\u015bci\u0142e\u015b i baza znikn\u0119\u0142a po 5 dniach nieaktywno\u015bci tej grupy poniewa\u017c nikt ju\u017c w niej nie gra\u0142.<\/li>\n \t<li>Zbudowa\u0142e\u015b baz\u0119 na grupie publicznej, do kt\u00f3rej ka\u017cdy m\u00f3g\u0142 wej\u015b\u0107 i kto\u015b rozebra\u0142 twoj\u0105 baz\u0119.<\/li>\n \t<li>Jeden z cz\u0142onk\u00f3w twojej grupy rozebra\u0142 baz\u0119 pod twoj\u0105 nieobecno\u015b\u0107.<\/li>\n \t<li>Twoja baza zosta\u0142a usuni\u0119ta poniewa\u017c \u0142ama\u0142a nasz regulamin budowania. (W takim przypadku r\u00f3wnie\u017c otrzymasz blokad\u0119 konta).<\/li>\n \t<li>Twoja baza zosta\u0142a zrajdowana w ponad 80%, a kto\u015b z administracji wyczy\u015bci\u0142 pozosta\u0142e 20%, aby mapa nie by\u0142a za\u015bmiecona.<\/li>\n<\/ul><\/div>\n\t\t\t\t<\/div>\n\t\t\t\t<\/div>\n\t\t\t\t<div class=\"elementor-element elementor-element-0a7f25b elementor-widget elementor-widget-spacer\" data-id=\"0a7f25b\" data-element_type=\"widget\" data-widget_type=\"spacer.default\">\n\t\t\t\t<div class=\"elementor-widget-container\">\n\t\t\t\t\t<div class=\"elementor-spacer\">\n\t\t\t<div class=\"elementor-spacer-inner\"><\/div>\n\t\t<\/div>\n\t\t\t\t<\/div>\n\t\t\t\t<\/div>\n\t\t\t\t\t<\/div>\n\t\t<\/div>\n\t\t\t\t\t\t\t<\/div>\n\t\t<\/section>\n\t\t\t\t<section class=\"elementor-section elementor-top-section elementor-element elementor-element-937582b elementor-section-boxed elementor-section-height-default elementor-section-height-default\" data-id=\"937582b\" data-element_type=\"section\">\n\t\t\t\t\t\t<div class=\"elementor-container elementor-column-gap-default\">\n\t\t\t\t\t<div class=\"elementor-column elementor-col-100 elementor-top-column elementor-element elementor-element-ae8b290\" data-id=\"ae8b290\" data-element_type=\"column\">\n\t\t\t<div class=\"elementor-widget-wrap elementor-element-populated\">\n\t\t\t\t\t\t\t\t<div class=\"elementor-element elementor-element-1d78c24 elementor-tabs-view-horizontal elementor-widget elementor-widget-tabs\" data-id=\"1d78c24\" data-element_type=\"widget\" data-widget_type=\"tabs.default\">\n\t\t\t\t<div class=\"elementor-widget-container\">\n\t\t\t\t\t<div class=\"elementor-tabs\">\n\t\t\t<div class=\"elementor-tabs-wrapper\" role=\"tablist\" >\n\t\t\t\t\t\t\t\t\t<div id=\"elementor-tab-title-3091\" class=\"elementor-tab-title elementor-tab-desktop-title\" aria-selected=\"true\" data-tab=\"1\" role=\"tab\" tabindex=\"0\" aria-controls=\"elementor-tab-content-3091\" aria-expanded=\"false\">Struktury<\/div>\n\t\t\t\t\t\t\t\t\t<div id=\"elementor-tab-title-3092\" class=\"elementor-tab-title elementor-tab-desktop-title\" aria-selected=\"false\" data-tab=\"2\" role=\"tab\" tabindex=\"-1\" aria-controls=\"elementor-tab-content-3092\" aria-expanded=\"false\">Barykady<\/div>\n\t\t\t\t\t\t\t\t\t<div id=\"elementor-tab-title-3093\" class=\"elementor-tab-title elementor-tab-desktop-title\" aria-selected=\"false\" data-tab=\"3\" role=\"tab\" tabindex=\"-1\" aria-controls=\"elementor-tab-content-3093\" aria-expanded=\"false\">Inne<\/div>\n\t\t\t\t\t\t\t<\/div>\n\t\t\t<div class=\"elementor-tabs-content-wrapper\" role=\"tablist\" aria-orientation=\"vertical\">\n\t\t\t\t\t\t\t\t\t<div class=\"elementor-tab-title elementor-tab-mobile-title\" aria-selected=\"true\" data-tab=\"1\" role=\"tab\" tabindex=\"0\" aria-controls=\"elementor-tab-content-3091\" aria-expanded=\"false\">Struktury<\/div>\n\t\t\t\t\t<div id=\"elementor-tab-content-3091\" class=\"elementor-tab-content elementor-clearfix\" data-tab=\"1\" role=\"tabpanel\" aria-labelledby=\"elementor-tab-title-3091\" tabindex=\"0\" hidden=\"false\"><p><strong>MAPY: PEI, WASHINGTON, RUSSIA.<\/strong><\/p>\n<p><\/p>\n<p><strong>POD\u0141OGI, \u015aCIANY, DACHY, FILARY, RAMPY:<\/strong><\/p>\n<table style=\"width: 100%;\">\n<tbody>\n<tr>\n<th style=\"width: 19%;\" colspan=\"1\">&nbsp;<\/th>\n<th style=\"width: 27%;\" colspan=\"1\">C4<\/th>\n<th style=\"width: 27%;\" colspan=\"1\">Rocket<\/th>\n<th style=\"width: 27%;\" colspan=\"1\">Missile<\/th>\n<th style=\"width: 27%;\" colspan=\"1\">Dragonfang&nbsp;<\/th>\n<\/tr>\n<tr>\n<td>Brick<\/td>\n<td>5x<\/td>\n<td>5x<\/td>\n<td>5x<\/td>\n<td>120x<\/td>\n<\/tr>\n<tr>\n<td>Metal<\/td>\n<td>3x<\/td>\n<td>3x<\/td>\n<td>3x<\/td>\n<td>75x<\/td>\n<\/tr>\n<tr>\n<td>Pine<\/td>\n<td>2x<\/td>\n<td>2x<\/td>\n<td>2x<\/td>\n<td>50x<\/td>\n<\/tr>\n<tr>\n<td>Maple \/ Birch<\/td>\n<td>2x<\/td>\n<td>2x<\/td>\n<td>2x<\/td>\n<td>45x<\/td>\n<\/tr>\n<\/tbody>\n<\/table><\/div>\n\t\t\t\t\t\t\t\t\t<div class=\"elementor-tab-title elementor-tab-mobile-title\" aria-selected=\"false\" data-tab=\"2\" role=\"tab\" tabindex=\"-1\" aria-controls=\"elementor-tab-content-3092\" aria-expanded=\"false\">Barykady<\/div>\n\t\t\t\t\t<div id=\"elementor-tab-content-3092\" class=\"elementor-tab-content elementor-clearfix\" data-tab=\"2\" role=\"tabpanel\" aria-labelledby=\"elementor-tab-title-3092\" tabindex=\"0\" hidden=\"hidden\"><p><strong>MAPY: PEI, WASHINGTON, RUSSIA.<\/strong><\/p><p>\u00a0<\/p><p><strong>DRZWI, W\u0141AZY, DRZWI GARA\u017bOWE, OKNA:<\/strong><\/p><table style=\"width: 100%;\"><tbody><tr><th style=\"width: 19%;\" colspan=\"1\">\u00a0<\/th><th style=\"width: 27%;\" colspan=\"1\">C4<\/th><th style=\"width: 27%;\" colspan=\"1\">Rocket<\/th><th style=\"width: 27%;\" colspan=\"1\">Missile<\/th><th style=\"width: 27%;\" colspan=\"1\">Dragonfang<\/th><\/tr><tr><td>Vault<\/td><td>3x<\/td><td>3x<\/td><td>3x<\/td><td>75x<\/td><\/tr><tr><td>Metal<\/td><td>2x<\/td><td>2x<\/td><td>2x<\/td><td>50x<\/td><\/tr><tr><td>Pine<\/td><td>1x<\/td><td>1x<\/td><td>1x<\/td><td>25x<\/td><\/tr><tr><td>Maple \/ Birch<\/td><td>1x<\/td><td>1x<\/td><td>1x<\/td><td>23x<\/td><\/tr><tr><td>\u00a0<\/td><\/tr><tr><td>Bulletproof Glass<\/td><td>3x<\/td><td>3x<\/td><td>3x<\/td><td>75x<\/td><\/tr><tr><td>One Way Glass<\/td><td>2x<\/td><td>2x<\/td><td>2x<\/td><td>50x<\/td><\/tr><tr><td>Weak Glass<\/td><td>1x<\/td><td>1x<\/td><td>1x<\/td><td>23x<\/td><\/tr><\/tbody><\/table><\/div>\n\t\t\t\t\t\t\t\t\t<div class=\"elementor-tab-title elementor-tab-mobile-title\" aria-selected=\"false\" data-tab=\"3\" role=\"tab\" tabindex=\"-1\" aria-controls=\"elementor-tab-content-3093\" aria-expanded=\"false\">Inne<\/div>\n\t\t\t\t\t<div id=\"elementor-tab-content-3093\" class=\"elementor-tab-content elementor-clearfix\" data-tab=\"3\" role=\"tabpanel\" aria-labelledby=\"elementor-tab-title-3093\" tabindex=\"0\" hidden=\"hidden\"><p><strong>MAPY: PEI, WASHINGTON, RUSSIA.<\/strong><\/p><p>\u00a0<\/p><p><strong>INNE OBIEKTY:<br \/>&#8222;Podatne&#8221; oznacza, \u017ce obiekt mo\u017cna niszczy\u0107 ka\u017cd\u0105 broni\u0105, albo za pomoc\u0105 Chainsaw.<\/strong><\/p><table style=\"width: 100%;\"><tbody><tr><th style=\"width: 40%;\" colspan=\"1\">\u00a0<\/th><th style=\"width: 40%;\" colspan=\"1\">\u017bycie<\/th><th style=\"width: 20%;\" colspan=\"1\">Podatne<\/th><\/tr><tr><td>Locker<\/td><td>600<\/td><td>Nie<\/td><\/tr><tr><td>Metal Wardrobe<\/td><td>600<\/td><td>Nie<\/td><\/tr><tr><td>Pine Wardrobe<\/td><td>250<\/td><td>Tak<\/td><\/tr><tr><td>Pine Crate<\/td><td>200<\/td><td>Tak<\/td><\/tr><tr><td>Sandbag<\/td><td>135<\/td><td>Tak<\/td><\/tr><tr><td>Tanktrap<\/td><td>135<\/td><td>Tak<\/td><\/tr><tr><td>Pine Barricade<\/td><td>300<\/td><td>Tak<\/td><\/tr><tr><td>Metal Ladder<\/td><td>100<\/td><td>Tak<\/td><\/tr><tr><td>Cot<\/td><td>350<\/td><td>Tak<\/td><\/tr><tr><td>Bedroll<\/td><td>50<\/td><td>Tak<\/td><\/tr><tr><td>Large Metal Plate<\/td><td>1000<\/td><td>Tak<\/td><\/tr><tr><td>Small Metal Plate<\/td><td>250<\/td><td>Tak<\/td><\/tr><tr><td>Claim Flag<\/td><td>1000<\/td><td>Tak<\/td><\/tr><\/tbody><\/table><\/div>\n\t\t\t\t\t\t\t<\/div>\n\t\t<\/div>\n\t\t\t\t<\/div>\n\t\t\t\t<\/div>\n\t\t\t\t\t<\/div>\n\t\t<\/div>\n\t\t\t\t\t\t\t<\/div>\n\t\t<\/section>\n\t\t\t\t<section class=\"elementor-section elementor-top-section elementor-element elementor-element-7c24401 elementor-section-boxed elementor-section-height-default elementor-section-height-default\" data-id=\"7c24401\" data-element_type=\"section\">\n\t\t\t\t\t\t<div class=\"elementor-container elementor-column-gap-default\">\n\t\t\t\t\t<div class=\"elementor-column elementor-col-100 elementor-top-column elementor-element elementor-element-e82cffa\" data-id=\"e82cffa\" data-element_type=\"column\">\n\t\t\t<div class=\"elementor-widget-wrap\">\n\t\t\t\t\t\t\t\t\t<\/div>\n\t\t<\/div>\n\t\t\t\t\t\t\t<\/div>\n\t\t<\/section>\n\t\t\t\t\t\t<\/div>\n\t\t\t\t\t<\/div>\n\t\t","protected":false},"excerpt":{"rendered":"<p>\u00a0 PODSTAWOWE INFORMACJE: Wszystkie drzwi i okna mo\u017ce otwiera\u0107 tylko w\u0142a\u015bciciel oraz osoby z grupy, na kt\u00f3rej zosta\u0142 zbudowany obiekt. Patrz\u0105c na obiekt mo\u017cesz u\u017cy\u0107 komendy \/hp, aby sprawdzi\u0107 ilo\u015b\u0107 \u017cycia danego obiektu. Aby unikn\u0105\u0107 b\u0142\u0119d\u00f3w ze skakaniem pomi\u0119dzy grupami i znikaj\u0105cymi bazami, bazy nale\u017cy budowa\u0107 na grupach Steam (https:\/\/steamcommunity.com\/actions\/GroupCreate). JE\u015aLI TWOJA BAZA ZNIKN\u0118\u0141A TO&#8230;<\/p>\n","protected":false},"author":1,"featured_media":0,"parent":0,"menu_order":0,"comment_status":"closed","ping_status":"closed","template":"","meta":[],"_links":{"self":[{"href":"https:\/\/polski-survival.pl\/index.php?rest_route=\/wp\/v2\/pages\/3159"}],"collection":[{"href":"https:\/\/polski-survival.pl\/index.php?rest_route=\/wp\/v2\/pages"}],"about":[{"href":"https:\/\/polski-survival.pl\/index.php?rest_route=\/wp\/v2\/types\/page"}],"author":[{"embeddable":true,"href":"https:\/\/polski-survival.pl\/index.php?rest_route=\/wp\/v2\/users\/1"}],"replies":[{"embeddable":true,"href":"https:\/\/polski-survival.pl\/index.php?rest_route=%2Fwp%2Fv2%2Fcomments&post=3159"}],"version-history":[{"count":146,"href":"https:\/\/polski-survival.pl\/index.php?rest_route=\/wp\/v2\/pages\/3159\/revisions"}],"predecessor-version":[{"id":12548,"href":"https:\/\/polski-survival.pl\/index.php?rest_route=\/wp\/v2\/pages\/3159\/revisions\/12548"}],"wp:attachment":[{"href":"https:\/\/polski-survival.pl\/index.php?rest_route=%2Fwp%2Fv2%2Fmedia&parent=3159"}],"curies":[{"name":"wp","href":"https:\/\/api.w.org\/{rel}","templated":true}]}}