{"id":8137,"date":"2022-08-18T11:10:00","date_gmt":"2022-08-18T09:10:00","guid":{"rendered":"https:\/\/polski-survival.pl\/?page_id=8137"},"modified":"2024-04-21T22:36:26","modified_gmt":"2024-04-21T20:36:26","slug":"jak-zagrac-w-unturned","status":"publish","type":"page","link":"https:\/\/polski-survival.pl\/?page_id=8137","title":{"rendered":"Jak zagra\u0107 w unturned z koleg\u0105"},"content":{"rendered":"\t\t<div data-elementor-type=\"wp-page\" data-elementor-id=\"8137\" class=\"elementor elementor-8137\" data-elementor-settings=\"[]\">\n\t\t\t\t\t\t\t<div class=\"elementor-section-wrap\">\n\t\t\t\t\t\t\t<section class=\"elementor-section elementor-top-section elementor-element elementor-element-54d9a76 elementor-section-boxed elementor-section-height-default elementor-section-height-default\" data-id=\"54d9a76\" data-element_type=\"section\">\n\t\t\t\t\t\t<div class=\"elementor-container elementor-column-gap-default\">\n\t\t\t\t\t<div class=\"elementor-column elementor-col-100 elementor-top-column elementor-element elementor-element-b83e869\" data-id=\"b83e869\" data-element_type=\"column\">\n\t\t\t<div class=\"elementor-widget-wrap elementor-element-populated\">\n\t\t\t\t\t\t\t\t<div class=\"elementor-element elementor-element-d87a521 elementor-widget elementor-widget-heading\" data-id=\"d87a521\" data-element_type=\"widget\" data-widget_type=\"heading.default\">\n\t\t\t\t<div class=\"elementor-widget-container\">\n\t\t\t<h5 class=\"elementor-heading-title elementor-size-default\">W tym poradniku dowiesz si\u0119<br>jak zagra\u0107 w unturned na serwerach polski-survival.pl<\/h5>\t\t<\/div>\n\t\t\t\t<\/div>\n\t\t\t\t<div class=\"elementor-element elementor-element-a028dd3 elementor-widget elementor-widget-text-editor\" data-id=\"a028dd3\" data-element_type=\"widget\" data-widget_type=\"text-editor.default\">\n\t\t\t\t<div class=\"elementor-widget-container\">\n\t\t\t\t\t<div class=\"elementor-text-editor elementor-clearfix\"><p>Unturned to gra survival. Twoim zadaniem jest przetrwanie w otwartym \u015bwiecie opanowanym przez krwio\u017cercze zombie.<\/p><p>Poszukuj po\u017cywienia oraz czystej wody. Tw\u00f3rz bazy, w kt\u00f3rych schronisz si\u0119 wraz ze swoimi przyjaci\u00f3\u0142mi. Wsp\u00f3\u0142pracuj lub walcz z innymi graczami.<\/p><p>To i wiele wi\u0119cej znajdziesz na serwerach <strong><span style=\"color: #ff0000; font-size: 17px;\">Polski-Survival.pl<\/span><\/strong><\/p><\/div>\n\t\t\t\t<\/div>\n\t\t\t\t<\/div>\n\t\t\t\t<div class=\"elementor-element elementor-element-4fa22a8 elementor-widget__width-initial elementor-aspect-ratio-169 elementor-widget elementor-widget-video\" data-id=\"4fa22a8\" data-element_type=\"widget\" data-settings=\"{&quot;video_type&quot;:&quot;hosted&quot;,&quot;autoplay&quot;:&quot;yes&quot;,&quot;play_on_mobile&quot;:&quot;yes&quot;,&quot;loop&quot;:&quot;yes&quot;,&quot;mute&quot;:&quot;yes&quot;,&quot;aspect_ratio&quot;:&quot;169&quot;}\" data-widget_type=\"video.default\">\n\t\t\t\t<div class=\"elementor-widget-container\">\n\t\t\t\t\t<div class=\"e-hosted-video elementor-wrapper elementor-fit-aspect-ratio elementor-open-inline\">\n\t\t\t\t\t<video class=\"elementor-video\" src=\"https:\/\/polski-survival.pl\/wp-content\/uploads\/2024\/04\/PS-Trailer.mp4\" autoplay=\"\" loop=\"\" muted=\"muted\" playsinline=\"\" controlsList=\"nodownload\"><\/video>\n\t\t\t\t<\/div>\n\t\t\t\t<\/div>\n\t\t\t\t<\/div>\n\t\t\t\t\t<\/div>\n\t\t<\/div>\n\t\t\t\t\t\t\t<\/div>\n\t\t<\/section>\n\t\t\t\t<section class=\"elementor-section elementor-top-section elementor-element elementor-element-23b7406 elementor-section-boxed elementor-section-height-default elementor-section-height-default\" data-id=\"23b7406\" data-element_type=\"section\">\n\t\t\t\t\t\t<div class=\"elementor-container elementor-column-gap-default\">\n\t\t\t\t\t<div class=\"elementor-column elementor-col-100 elementor-top-column elementor-element elementor-element-48ead41\" data-id=\"48ead41\" data-element_type=\"column\">\n\t\t\t<div class=\"elementor-widget-wrap elementor-element-populated\">\n\t\t\t\t\t\t\t\t<div class=\"elementor-element elementor-element-2c82434 elementor-widget elementor-widget-text-editor\" data-id=\"2c82434\" data-element_type=\"widget\" data-widget_type=\"text-editor.default\">\n\t\t\t\t<div class=\"elementor-widget-container\">\n\t\t\t\t\t<div class=\"elementor-text-editor elementor-clearfix\"><h6 style=\"text-align: center; color: #D5D5D5;\">Unturned jest gr\u0105 na komputery. Poni\u017csze kroki nale\u017cy wykonywa\u0107 na komputerze.<\/h6><\/div>\n\t\t\t\t<\/div>\n\t\t\t\t<\/div>\n\t\t\t\t<div class=\"elementor-element elementor-element-baa504c elementor-widget elementor-widget-heading\" data-id=\"baa504c\" data-element_type=\"widget\" data-widget_type=\"heading.default\">\n\t\t\t\t<div class=\"elementor-widget-container\">\n\t\t\t<h5 class=\"elementor-heading-title elementor-size-default\">1. Instalacja Steam<\/h5>\t\t<\/div>\n\t\t\t\t<\/div>\n\t\t\t\t<div class=\"elementor-element elementor-element-11439e0 elementor-widget elementor-widget-text-editor\" data-id=\"11439e0\" data-element_type=\"widget\" data-widget_type=\"text-editor.default\">\n\t\t\t\t<div class=\"elementor-widget-container\">\n\t\t\t\t\t<div class=\"elementor-text-editor elementor-clearfix\"><p>Na pocz\u0105tku b\u0119dziesz potrzebowa\u0107 konto na platformie Steam.<\/p><\/div>\n\t\t\t\t<\/div>\n\t\t\t\t<\/div>\n\t\t\t\t<div class=\"elementor-element elementor-element-d4ded6f elementor-button-info elementor-align-left elementor-widget elementor-widget-button\" data-id=\"d4ded6f\" data-element_type=\"widget\" data-widget_type=\"button.default\">\n\t\t\t\t<div class=\"elementor-widget-container\">\n\t\t\t\t\t<div class=\"elementor-button-wrapper\">\n\t\t\t<a href=\"https:\/\/store.steampowered.com\/join\" target=\"_blank\" class=\"elementor-button-link elementor-button elementor-size-sm\" role=\"button\">\n\t\t\t\t\t\t<span class=\"elementor-button-content-wrapper\">\n\t\t\t\t\t\t<span class=\"elementor-button-icon elementor-align-icon-left\">\n\t\t\t\t<i aria-hidden=\"true\" class=\"fab fa-steam\"><\/i>\t\t\t<\/span>\n\t\t\t\t\t\t<span class=\"elementor-button-text\">Kliknij tutaj, aby za\u0142o\u017cy\u0107 nowe konto na Steam<\/span>\n\t\t<\/span>\n\t\t\t\t\t<\/a>\n\t\t<\/div>\n\t\t\t\t<\/div>\n\t\t\t\t<\/div>\n\t\t\t\t<div class=\"elementor-element elementor-element-a705abf elementor-widget elementor-widget-text-editor\" data-id=\"a705abf\" data-element_type=\"widget\" data-widget_type=\"text-editor.default\">\n\t\t\t\t<div class=\"elementor-widget-container\">\n\t\t\t\t\t<div class=\"elementor-text-editor elementor-clearfix\"><p>Po rejestracji nowego konta b\u0119dziesz potrzebowa\u0107 klienta Steam.<\/p><\/div>\n\t\t\t\t<\/div>\n\t\t\t\t<\/div>\n\t\t\t\t<div class=\"elementor-element elementor-element-dc4f62d elementor-button-info elementor-align-left elementor-widget elementor-widget-button\" data-id=\"dc4f62d\" data-element_type=\"widget\" data-widget_type=\"button.default\">\n\t\t\t\t<div class=\"elementor-widget-container\">\n\t\t\t\t\t<div class=\"elementor-button-wrapper\">\n\t\t\t<a href=\"https:\/\/cdn.cloudflare.steamstatic.com\/client\/installer\/SteamSetup.exe\" target=\"_blank\" class=\"elementor-button-link elementor-button elementor-size-sm\" role=\"button\">\n\t\t\t\t\t\t<span class=\"elementor-button-content-wrapper\">\n\t\t\t\t\t\t<span class=\"elementor-button-text\">Kliknij tutaj, aby pobra\u0107 klienta Steam<\/span>\n\t\t<\/span>\n\t\t\t\t\t<\/a>\n\t\t<\/div>\n\t\t\t\t<\/div>\n\t\t\t\t<\/div>\n\t\t\t\t<div class=\"elementor-element elementor-element-d8e517a elementor-widget elementor-widget-text-editor\" data-id=\"d8e517a\" data-element_type=\"widget\" data-widget_type=\"text-editor.default\">\n\t\t\t\t<div class=\"elementor-widget-container\">\n\t\t\t\t\t<div class=\"elementor-text-editor elementor-clearfix\"><p>Po zainstalowaniu klienta Steam, otw\u00f3rz go i zaloguj si\u0119 w nim.<\/p><\/div>\n\t\t\t\t<\/div>\n\t\t\t\t<\/div>\n\t\t\t\t\t<\/div>\n\t\t<\/div>\n\t\t\t\t\t\t\t<\/div>\n\t\t<\/section>\n\t\t\t\t<section class=\"elementor-section elementor-top-section elementor-element elementor-element-963008b elementor-section-boxed elementor-section-height-default elementor-section-height-default\" data-id=\"963008b\" data-element_type=\"section\">\n\t\t\t\t\t\t<div class=\"elementor-container elementor-column-gap-default\">\n\t\t\t\t\t<div class=\"elementor-column elementor-col-100 elementor-top-column elementor-element elementor-element-26f1dfe\" data-id=\"26f1dfe\" data-element_type=\"column\">\n\t\t\t<div class=\"elementor-widget-wrap elementor-element-populated\">\n\t\t\t\t\t\t\t\t<div class=\"elementor-element elementor-element-ea67e9b elementor-widget elementor-widget-heading\" data-id=\"ea67e9b\" data-element_type=\"widget\" data-widget_type=\"heading.default\">\n\t\t\t\t<div class=\"elementor-widget-container\">\n\t\t\t<h5 class=\"elementor-heading-title elementor-size-default\">2. Instalacja Unturned<\/h5>\t\t<\/div>\n\t\t\t\t<\/div>\n\t\t\t\t<div class=\"elementor-element elementor-element-863e450 elementor-widget elementor-widget-text-editor\" data-id=\"863e450\" data-element_type=\"widget\" data-widget_type=\"text-editor.default\">\n\t\t\t\t<div class=\"elementor-widget-container\">\n\t\t\t\t\t<div class=\"elementor-text-editor elementor-clearfix\"><a style=\"background-color: #5cb85c;\" class=\"elementor-button-link elementor-button elementor-size-sm\" role=\"button\" target=\"_blank\" href=\"steam:\/\/run\/304930\">Kliknij tutaj, aby zainstalowa\u0107 gr\u0119 Unturned<\/a><\/div>\n\t\t\t\t<\/div>\n\t\t\t\t<\/div>\n\t\t\t\t<div class=\"elementor-element elementor-element-1399289 elementor-widget elementor-widget-text-editor\" data-id=\"1399289\" data-element_type=\"widget\" data-widget_type=\"text-editor.default\">\n\t\t\t\t<div class=\"elementor-widget-container\">\n\t\t\t\t\t<div class=\"elementor-text-editor elementor-clearfix\"><p>Po pobraniu i instalacji gry uruchom j\u0105.<\/p><p>Poczekaj, a\u017c za\u0142aduje si\u0119 i przejd\u017a do kolejnego kroku.<\/p><\/div>\n\t\t\t\t<\/div>\n\t\t\t\t<\/div>\n\t\t\t\t\t<\/div>\n\t\t<\/div>\n\t\t\t\t\t\t\t<\/div>\n\t\t<\/section>\n\t\t\t\t<section class=\"elementor-section elementor-top-section elementor-element elementor-element-0b118e4 elementor-section-boxed elementor-section-height-default elementor-section-height-default\" data-id=\"0b118e4\" data-element_type=\"section\">\n\t\t\t\t\t\t<div class=\"elementor-container elementor-column-gap-default\">\n\t\t\t\t\t<div class=\"elementor-column elementor-col-100 elementor-top-column elementor-element elementor-element-1961cf8\" data-id=\"1961cf8\" data-element_type=\"column\">\n\t\t\t<div class=\"elementor-widget-wrap elementor-element-populated\">\n\t\t\t\t\t\t\t\t<div class=\"elementor-element elementor-element-dedee60 elementor-widget elementor-widget-heading\" data-id=\"dedee60\" data-element_type=\"widget\" data-widget_type=\"heading.default\">\n\t\t\t\t<div class=\"elementor-widget-container\">\n\t\t\t<h5 class=\"elementor-heading-title elementor-size-default\">3. Do\u0142\u0105czenie na serwery Polski-Survival.pl<\/h5>\t\t<\/div>\n\t\t\t\t<\/div>\n\t\t\t\t<div class=\"elementor-element elementor-element-15b4a53 elementor-widget elementor-widget-text-editor\" data-id=\"15b4a53\" data-element_type=\"widget\" data-widget_type=\"text-editor.default\">\n\t\t\t\t<div class=\"elementor-widget-container\">\n\t\t\t\t\t<div class=\"elementor-text-editor elementor-clearfix\"><p>Z filmiku poni\u017cej dowiesz si\u0119 jak odnale\u017a\u0107 serwery <strong><span style=\"color: #ff0000;\">Polski-Survival.pl<\/span><\/strong> i jak do nich do\u0142\u0105czy\u0107.<\/p><\/div>\n\t\t\t\t<\/div>\n\t\t\t\t<\/div>\n\t\t\t\t<div class=\"elementor-element elementor-element-b35e85e elementor-aspect-ratio-169 elementor-widget elementor-widget-video\" data-id=\"b35e85e\" data-element_type=\"widget\" data-settings=\"{&quot;video_type&quot;:&quot;hosted&quot;,&quot;controls&quot;:&quot;yes&quot;,&quot;aspect_ratio&quot;:&quot;169&quot;}\" data-widget_type=\"video.default\">\n\t\t\t\t<div class=\"elementor-widget-container\">\n\t\t\t\t\t<div class=\"e-hosted-video elementor-wrapper elementor-fit-aspect-ratio elementor-open-inline\">\n\t\t\t\t\t<video class=\"elementor-video\" src=\"https:\/\/polski-survival.pl\/wp-content\/uploads\/2024\/04\/Jak-znalezc-serwery-Polski-Survival.pl_.mp4\" controls=\"\" controlsList=\"nodownload\"><\/video>\n\t\t\t\t<\/div>\n\t\t\t\t<\/div>\n\t\t\t\t<\/div>\n\t\t\t\t\t<\/div>\n\t\t<\/div>\n\t\t\t\t\t\t\t<\/div>\n\t\t<\/section>\n\t\t\t\t<section class=\"elementor-section elementor-top-section elementor-element elementor-element-f81a13a elementor-section-boxed elementor-section-height-default elementor-section-height-default\" data-id=\"f81a13a\" data-element_type=\"section\">\n\t\t\t\t\t\t<div class=\"elementor-container elementor-column-gap-default\">\n\t\t\t\t\t<div class=\"elementor-column elementor-col-100 elementor-top-column elementor-element elementor-element-d8174c8\" data-id=\"d8174c8\" data-element_type=\"column\">\n\t\t\t<div class=\"elementor-widget-wrap elementor-element-populated\">\n\t\t\t\t\t\t\t\t<div class=\"elementor-element elementor-element-b24788d elementor-widget elementor-widget-text-editor\" data-id=\"b24788d\" data-element_type=\"widget\" data-widget_type=\"text-editor.default\">\n\t\t\t\t<div class=\"elementor-widget-container\">\n\t\t\t\t\t<div class=\"elementor-text-editor elementor-clearfix\"><p style=\"text-align: center;\">Je\u015bli masz jakie\u015b problemy z gr\u0105 i potrzebujesz pomocy, do\u0142\u0105cz na nasz discord i zadaj pytanie na kanale #unturned lub #pomoc<\/p><\/div>\n\t\t\t\t<\/div>\n\t\t\t\t<\/div>\n\t\t\t\t<div class=\"elementor-element elementor-element-b9ee2cb elementor-align-center elementor-widget elementor-widget-button\" data-id=\"b9ee2cb\" data-element_type=\"widget\" data-widget_type=\"button.default\">\n\t\t\t\t<div class=\"elementor-widget-container\">\n\t\t\t\t\t<div class=\"elementor-button-wrapper\">\n\t\t\t<a href=\"https:\/\/discord.gg\/polski-survival-pl-548168330369040385\" target=\"_blank\" class=\"elementor-button-link elementor-button elementor-size-lg\" role=\"button\">\n\t\t\t\t\t\t<span class=\"elementor-button-content-wrapper\">\n\t\t\t\t\t\t<span class=\"elementor-button-icon elementor-align-icon-left\">\n\t\t\t\t<i aria-hidden=\"true\" class=\"fab fa-discord\"><\/i>\t\t\t<\/span>\n\t\t\t\t\t\t<span class=\"elementor-button-text\">Do\u0142\u0105cz na nasz Discord<\/span>\n\t\t<\/span>\n\t\t\t\t\t<\/a>\n\t\t<\/div>\n\t\t\t\t<\/div>\n\t\t\t\t<\/div>\n\t\t\t\t\t<\/div>\n\t\t<\/div>\n\t\t\t\t\t\t\t<\/div>\n\t\t<\/section>\n\t\t\t\t<section class=\"elementor-section elementor-top-section elementor-element elementor-element-e84e22d elementor-section-boxed elementor-section-height-default elementor-section-height-default\" data-id=\"e84e22d\" data-element_type=\"section\">\n\t\t\t\t\t\t<div class=\"elementor-container elementor-column-gap-default\">\n\t\t\t\t\t<div class=\"elementor-column elementor-col-100 elementor-top-column elementor-element elementor-element-1cb5407\" data-id=\"1cb5407\" data-element_type=\"column\">\n\t\t\t<div class=\"elementor-widget-wrap\">\n\t\t\t\t\t\t\t\t\t<\/div>\n\t\t<\/div>\n\t\t\t\t\t\t\t<\/div>\n\t\t<\/section>\n\t\t\t\t\t\t<\/div>\n\t\t\t\t\t<\/div>\n\t\t","protected":false},"excerpt":{"rendered":"<p>W tym poradniku dowiesz si\u0119jak zagra\u0107 w unturned na serwerach polski-survival.pl Unturned to gra survival. Twoim zadaniem jest przetrwanie w otwartym \u015bwiecie opanowanym przez krwio\u017cercze zombie. Poszukuj po\u017cywienia oraz czystej wody. Tw\u00f3rz bazy, w kt\u00f3rych schronisz si\u0119 wraz ze swoimi przyjaci\u00f3\u0142mi. Wsp\u00f3\u0142pracuj lub walcz z innymi graczami. To i wiele wi\u0119cej znajdziesz na serwerach Polski-Survival.pl&#8230;<\/p>\n","protected":false},"author":1,"featured_media":0,"parent":0,"menu_order":0,"comment_status":"closed","ping_status":"closed","template":"","meta":[],"_links":{"self":[{"href":"https:\/\/polski-survival.pl\/index.php?rest_route=\/wp\/v2\/pages\/8137"}],"collection":[{"href":"https:\/\/polski-survival.pl\/index.php?rest_route=\/wp\/v2\/pages"}],"about":[{"href":"https:\/\/polski-survival.pl\/index.php?rest_route=\/wp\/v2\/types\/page"}],"author":[{"embeddable":true,"href":"https:\/\/polski-survival.pl\/index.php?rest_route=\/wp\/v2\/users\/1"}],"replies":[{"embeddable":true,"href":"https:\/\/polski-survival.pl\/index.php?rest_route=%2Fwp%2Fv2%2Fcomments&post=8137"}],"version-history":[{"count":392,"href":"https:\/\/polski-survival.pl\/index.php?rest_route=\/wp\/v2\/pages\/8137\/revisions"}],"predecessor-version":[{"id":13350,"href":"https:\/\/polski-survival.pl\/index.php?rest_route=\/wp\/v2\/pages\/8137\/revisions\/13350"}],"wp:attachment":[{"href":"https:\/\/polski-survival.pl\/index.php?rest_route=%2Fwp%2Fv2%2Fmedia&parent=8137"}],"curies":[{"name":"wp","href":"https:\/\/api.w.org\/{rel}","templated":true}]}}